{"id":18468,"date":"2019-06-07T21:54:40","date_gmt":"2019-06-07T20:54:40","guid":{"rendered":"http:\/\/www.itsiderno.gov.it\/?page_id=18468"},"modified":"2021-10-23T17:12:57","modified_gmt":"2021-10-23T16:12:57","slug":"bes-dsa","status":"publish","type":"page","link":"https:\/\/www.marconisiderno.online\/?page_id=18468","title":{"rendered":"BES &#8211; DSA"},"content":{"rendered":"\r\n<p>La scuola italiana garantisce a tutti gli alunni, a prescindere dalle loro diversit\u00e0 funzionali e sociali di poter realizzare esperienze di crescita personali gratificanti. Il nostro Istituto, in riferimento alla legislazione scolastica in materia di inserimento di alunni con bisogni educativi speciali, si propone di:<\/p>\r\n\r\n\r\n\r\n<p>favorire l\u2019inclusione scolastica, sia dal punto di vista della socializzazione che dell\u2019apprendimento;<\/p>\r\n\r\n\r\n\r\n<p>educare al rispetto e alla valorizzazione delle capacit\u00e0 individuali nella consapevolezza che le diversit\u00e0 costituiscono una risorsa per tutti, nonch\u00e9 un\u2019occasione di crescita e di arricchimento;<\/p>\r\n\r\n\r\n\r\n<p>sviluppare la personalit\u00e0 di ciascuno per il raggiungimento dell\u2019autonomia personale e relazionale nella prospettiva di una fattiva integrazione nella vita sociale. Progetti provinciali, regionali, nazionali ed europei consentono inoltre di fornire supporti utili per ampliare le competenze maturate dall\u2019Istituto in lunghi anni di esperienza con alunni adolescenti.<\/p>\r\n\r\n\r\n\r\n<h2 style=\"text-align: center;\"><span style=\"color: #ff6600;\"><strong>Modulistica 2021\/2022<\/strong><\/span><\/h2>\r\n<p><span style=\"color: #ff6600;\"><a style=\"color: #ff6600;\" href=\"https:\/\/www.marconisiderno.online\/wp-content\/uploads\/2021\/10\/Circolare-BES.docx\">Circolare BES<\/a><\/span><\/p>\r\n<p><span style=\"color: #ff6600;\"> <a style=\"color: #ff6600;\" href=\"https:\/\/www.marconisiderno.online\/wp-content\/uploads\/2021\/10\/Modello-PDP-BES.docx\">Modello PDP BES<\/a><\/span><\/p>\r\n<p><span style=\"color: #ff6600;\"> <a style=\"color: #ff6600;\" href=\"https:\/\/www.marconisiderno.online\/wp-content\/uploads\/2021\/10\/Modello-PDP-DSA.doc\">Modello PDP DSA<\/a> <\/span><\/p>\r\n<p><span style=\"color: #ff6600;\"><a style=\"color: #ff6600;\" href=\"https:\/\/www.marconisiderno.online\/wp-content\/uploads\/2021\/10\/MODELLO-PDP-STRANIERI.doc\">MODELLO PDP STRANIERI<\/a><\/span><\/p>\r\n<p><span style=\"color: #ff6600;\"><a style=\"color: #ff6600;\" href=\"https:\/\/www.marconisiderno.online\/wp-content\/uploads\/2021\/10\/Ai-docenti-coordinatori.docx\">Ai docenti coordinatori<\/a><\/span><\/p>\r\n<p>&nbsp;<\/p>\r\n\r\n\r\n\r\n<h2 style=\"text-align: center;\"><strong>Modulistica 2019\/2020<\/strong><\/h2>\r\n<ul>\r\n<li><a href=\"https:\/\/www.marconisiderno.online\/wp-content\/uploads\/2019\/11\/Circolare-n.-68-BES.pdf\">Leggi Circolare<\/a><\/li>\r\n<li><a href=\"https:\/\/www.marconisiderno.online\/wp-content\/uploads\/2019\/11\/Allegati-nn.-5-6.pdf\">Allegato 5\/6<\/a>\u00a0<\/li>\r\n<li><a href=\"https:\/\/www.marconisiderno.online\/wp-content\/uploads\/2019\/11\/Allegati-nn.-1-4_.pdf\">Allegati\u00a0 1\/4<\/a><\/li>\r\n<li><a href=\"https:\/\/www.marconisiderno.online\/wp-content\/uploads\/2019\/11\/PDP-ALUNNI-STRANIERI.doc\">Allegato 7<\/a><\/li>\r\n<\/ul>\r\n\r\n\r\n\r\n<p style=\"text-align: center;\"><strong><span style=\"color: #993300;\"><a style=\"color: #993300;\" href=\"https:\/\/www.marconisiderno.online\/wp-content\/uploads\/2019\/11\/Mappa-Bes_.pdf\"> MAPPA BES-DSA<\/a><\/span><\/strong><\/p>\r\n<p><strong>Normativa di riferimento<\/strong><\/p>\r\n<p style=\"text-align: center;\">\r\n\r\n<\/p>\r\n<p>&#8211; Legge n. 104\/92 (per la disabilit\u00e0)<\/p>\r\n<p style=\"text-align: center;\">\r\n\r\n<\/p>\r\n<p>&#8211; Legge 170\/2010 e allegato<\/p>\r\n<p style=\"text-align: center;\">\r\n\r\n<\/p>\r\n<p>&#8211; Legge 53\/2003 (tema della personalizzazione)<\/p>\r\n<p style=\"text-align: center;\">\r\n\r\n<\/p>\r\n<p>&#8211; D.Lgs 196\/2003 ( riservatezza dati personali)<\/p>\r\n<p style=\"text-align: center;\">\r\n\r\n<\/p>\r\n<p>&#8211; <a href=\"http:\/\/3.flcgil.stgy.it\/files\/pdf\/20130611\/direttiva-ministeriale-27-dicembre-2012-strumenti-d-intevento-per-alunni-con-bisogni-educativi-speciali-bes.pdf\">Direttiva ministeriale del 27\/12\/2012<\/a><\/p>\r\n<p style=\"text-align: center;\">\r\n\r\n<\/p>\r\n<p>-C<a href=\"http:\/\/www2.disal.it\/Resource\/cm8_13.pdf\">ircolare ministeriale n. 8\u00a0 prot.561\u00a0del 06\/03\/2013<\/a><\/p>\r\n<p>Decreto legislativo 13 aprile 2017, n. 62 (norme in materia di valutazione e certificazione delle competenze negli esami di Stato)<\/p>\r\n<p>\u00fc Decreto legislativo 13 aprile 2017, n. 66 (norme per la promozione dell\u2019inclusione scolastica degli studenti con disabilit\u00e0 a norma dell\u2019art. 1 co. 180-181 lett. c) della L. 13 luglio 2015 n. 107<\/p>\r\n<h2 style=\"text-align: center;\">\u00a0<\/h2>\r\n","protected":false},"excerpt":{"rendered":"<p>La scuola italiana garantisce a tutti gli alunni, a prescindere dalle loro diversit\u00e0 funzionali e sociali di poter realizzare esperienze di crescita personali gratificanti. Il nostro Istituto, in riferimento alla legislazione scolastica in materia di inserimento di alunni con bisogni educativi speciali, si propone di: favorire l\u2019inclusione scolastica, sia dal punto di vista della socializzazione&nbsp; &nbsp; <a class=\"moretag\" href=\"https:\/\/www.marconisiderno.online\/?page_id=18468\" title=\"Leggi l&#180;intero articolo\">&raquo;<\/a><\/p>\n","protected":false},"author":27,"featured_media":0,"parent":0,"menu_order":0,"comment_status":"closed","ping_status":"closed","template":"","meta":{"_mo_disable_npp":""},"_links":{"self":[{"href":"https:\/\/www.marconisiderno.online\/index.php?rest_route=\/wp\/v2\/pages\/18468"}],"collection":[{"href":"https:\/\/www.marconisiderno.online\/index.php?rest_route=\/wp\/v2\/pages"}],"about":[{"href":"https:\/\/www.marconisiderno.online\/index.php?rest_route=\/wp\/v2\/types\/page"}],"author":[{"embeddable":true,"href":"https:\/\/www.marconisiderno.online\/index.php?rest_route=\/wp\/v2\/users\/27"}],"replies":[{"embeddable":true,"href":"https:\/\/www.marconisiderno.online\/index.php?rest_route=%2Fwp%2Fv2%2Fcomments&post=18468"}],"version-history":[{"count":6,"href":"https:\/\/www.marconisiderno.online\/index.php?rest_route=\/wp\/v2\/pages\/18468\/revisions"}],"predecessor-version":[{"id":26862,"href":"https:\/\/www.marconisiderno.online\/index.php?rest_route=\/wp\/v2\/pages\/18468\/revisions\/26862"}],"wp:attachment":[{"href":"https:\/\/www.marconisiderno.online\/index.php?rest_route=%2Fwp%2Fv2%2Fmedia&parent=18468"}],"curies":[{"name":"wp","href":"https:\/\/api.w.org\/{rel}","templated":true}]}}